{"id":9,"date":"2017-02-09T10:49:06","date_gmt":"2017-02-09T09:49:06","guid":{"rendered":"http:\/\/brueckedaechle.de\/?page_id=9"},"modified":"2017-02-09T11:06:29","modified_gmt":"2017-02-09T10:06:29","slug":"ueber-mich","status":"publish","type":"page","link":"https:\/\/brueckedaechle.de\/index.php\/ueber-mich\/","title":{"rendered":"\u00dcber uns"},"content":{"rendered":"<p>Der Jugendf\u00f6rderverein Br\u00fccked\u00e4chle e.V. wurde\u00a0am 29. April 2001 in Neuenstadt gegr\u00fcndet.<\/p>\n<p>Der Zweck und Aufgabe unseres Vereins ist die F\u00f6rderung der Jugendhilfe dieser Satzungszweck wird laut Satzung wie nachfolgend beschrieben verwirklicht:<br \/>\nDer Satzungszweck wird verwirklicht, insbesondere durch :<\/p>\n<ul>\n<li>die Vertretung der Anliegen und Interessen von Kindern und Jugendlichen, der F\u00f6rderung und Unterst\u00fctzung der freien und offenen Jugendarbeit nach Ma\u00dfgabe der \u00a7\u00a7 11, 13 SGBVIII,<\/li>\n<li>das Eintreten f\u00fcr Schaffung und Betrieb eines soziokulturellen und sozialintegrativ wirksamen Jugendhauses f\u00fcr die Gesamtgemeinde Neuenstadt.<\/li>\n<li>Erstellung oder Unterst\u00fctzung eines vielf\u00e4ltigen, zeitgem\u00e4\u00dfen, den Neigungen junger Menschen entsprechenden Angebot im musischen, kreativen, sportlichen, sozialen, technischen und kulturellen Bereich,<\/li>\n<li>Vernetzung der Jugendarbeit der gebietsans\u00e4ssigen Vereinen, Verb\u00e4nden,Kirchen, Schulen und weiteren kinder- und jugendrelevantenAnbietern.<\/li>\n<li>Bereitstellung einer Experimentier-, Lehr- und Lernumgebung zur F\u00f6rderung des kreativen Potentials im Bereich von Mathematik, Informatik, Naturwissenschaft und Technik (MINT), um den Nachwuchs im MINT-Bereich zu f\u00f6rdern.<\/li>\n<\/ul>\n","protected":false},"excerpt":{"rendered":"<p>Der Jugendf\u00f6rderverein Br\u00fccked\u00e4chle e.V. wurde\u00a0am 29. April 2001 in Neuenstadt gegr\u00fcndet. Der Zweck und Aufgabe unseres Vereins ist die F\u00f6rderung der Jugendhilfe dieser Satzungszweck wird laut Satzung wie nachfolgend beschrieben verwirklicht: Der Satzungszweck wird verwirklicht, insbesondere durch : die Vertretung der Anliegen und Interessen von Kindern und Jugendlichen, der F\u00f6rderung und Unterst\u00fctzung der freien und &hellip; <\/p>\n<p class=\"link-more\"><a href=\"https:\/\/brueckedaechle.de\/index.php\/ueber-mich\/\" class=\"more-link\"><span class=\"screen-reader-text\">\u201e\u00dcber uns\u201c<\/span> weiterlesen<\/a><\/p>\n","protected":false},"author":1,"featured_media":0,"parent":0,"menu_order":0,"comment_status":"closed","ping_status":"closed","template":"","meta":{"footnotes":""},"class_list":["post-9","page","type-page","status-publish","hentry"],"_links":{"self":[{"href":"https:\/\/brueckedaechle.de\/index.php\/wp-json\/wp\/v2\/pages\/9","targetHints":{"allow":["GET"]}}],"collection":[{"href":"https:\/\/brueckedaechle.de\/index.php\/wp-json\/wp\/v2\/pages"}],"about":[{"href":"https:\/\/brueckedaechle.de\/index.php\/wp-json\/wp\/v2\/types\/page"}],"author":[{"embeddable":true,"href":"https:\/\/brueckedaechle.de\/index.php\/wp-json\/wp\/v2\/users\/1"}],"replies":[{"embeddable":true,"href":"https:\/\/brueckedaechle.de\/index.php\/wp-json\/wp\/v2\/comments?post=9"}],"version-history":[{"count":2,"href":"https:\/\/brueckedaechle.de\/index.php\/wp-json\/wp\/v2\/pages\/9\/revisions"}],"predecessor-version":[{"id":32,"href":"https:\/\/brueckedaechle.de\/index.php\/wp-json\/wp\/v2\/pages\/9\/revisions\/32"}],"wp:attachment":[{"href":"https:\/\/brueckedaechle.de\/index.php\/wp-json\/wp\/v2\/media?parent=9"}],"curies":[{"name":"wp","href":"https:\/\/api.w.org\/{rel}","templated":true}]}}