{"id":49,"date":"2017-03-09T19:20:08","date_gmt":"2017-03-09T18:20:08","guid":{"rendered":"http:\/\/brueckedaechle.de\/?page_id=49"},"modified":"2025-10-28T20:10:02","modified_gmt":"2025-10-28T19:10:02","slug":"aufgaben-ziele-satzung","status":"publish","type":"page","link":"https:\/\/brueckedaechle.de\/index.php\/aufgaben-ziele-satzung\/","title":{"rendered":"Aufgaben &#038; Ziele &#038; Satzung"},"content":{"rendered":"<p>Aufgaben &amp; Ziele<\/p>\n<p>Seit 2000 gibt es den Jugendf\u00f6rderverein Br\u00fccked\u00e4chle e.V. in Neuenstadt. Der Verein hat sich zum Ziel gesetzt, die Jugend in Neuenstadt zu unterst\u00fctzen, die offene Jugendarbeit zu f\u00f6rdern und Sprachrohr f\u00fcr Kinder und Jugendliche zu sein. Nicht zuletzt durch die Intervention des Vereins stellte die Stadt 2003 einen Jugendreferenten f\u00fcr die offene Jugendarbeit in der Gesamtgemeinde Neuenstadt ein.<\/p>\n<p>Lange Jahre \u00fcbernahmen Teams aus ehrenamtliche Jugendlichen die abendlichen \u00d6ffnungszeiten des Jugendhauses. Auch \u00fcber die gemeinsame Nutzung der R\u00e4umlichkeiten hinaus gibt es seit jeher eine enge Kooperation zwischen Jugendf\u00f6rderverein und Jugendreferat. Viele Aktionen und Angebote des Jugendreferats k\u00f6nnten ohne die personelle Unterst\u00fctzung durch die Ehrenamtlichen des Br\u00fccked\u00e4chle so nicht stattfinden. Auf der anderen Seite unterst\u00fctzt das Jugendreferat den Jugendf\u00f6rderverein durch Fachwissen und fachliche Begleitung sowie durch Mitarbeit im Vorstand.<\/p>\n<p>Unz\u00e4hlige Aktionen, Angebote, Ausfl\u00fcge, Freizeiten, Konzerte, Partys Seminare und Veranstaltungen konnten so in den vergangenen Jahren stattfinden.<\/p>\n<p>Kontakt zum Jugendf\u00f6rderverein Br\u00fccked\u00e4chle e.V. kann \u00fcber S\u00f6ren Obernd\u00f6rfer, \u00d6hringer Stra\u00dfe 30, 74196 Neuenstadt aufgenommen werden.<\/p>\n<p><a href=\"http:\/\/brueckedaechle.de\/wp-content\/uploads\/2025\/10\/Satzung_Brueckedaechle_2024_11_29.pdf\">Satzung Br\u00fccked\u00e4chle e.V. 29.11.2024<\/a><\/p>\n","protected":false},"excerpt":{"rendered":"<p>Aufgaben &amp; Ziele Seit 2000 gibt es den Jugendf\u00f6rderverein Br\u00fccked\u00e4chle e.V. in Neuenstadt. Der Verein hat sich zum Ziel gesetzt, die Jugend in Neuenstadt zu unterst\u00fctzen, die offene Jugendarbeit zu f\u00f6rdern und Sprachrohr f\u00fcr Kinder und Jugendliche zu sein. Nicht zuletzt durch die Intervention des Vereins stellte die Stadt 2003 einen Jugendreferenten f\u00fcr die offene &hellip; <\/p>\n<p class=\"link-more\"><a href=\"https:\/\/brueckedaechle.de\/index.php\/aufgaben-ziele-satzung\/\" class=\"more-link\"><span class=\"screen-reader-text\">\u201eAufgaben &#038; Ziele &#038; Satzung\u201c<\/span> weiterlesen<\/a><\/p>\n","protected":false},"author":2,"featured_media":0,"parent":0,"menu_order":0,"comment_status":"closed","ping_status":"closed","template":"","meta":{"footnotes":""},"class_list":["post-49","page","type-page","status-publish","hentry"],"_links":{"self":[{"href":"https:\/\/brueckedaechle.de\/index.php\/wp-json\/wp\/v2\/pages\/49","targetHints":{"allow":["GET"]}}],"collection":[{"href":"https:\/\/brueckedaechle.de\/index.php\/wp-json\/wp\/v2\/pages"}],"about":[{"href":"https:\/\/brueckedaechle.de\/index.php\/wp-json\/wp\/v2\/types\/page"}],"author":[{"embeddable":true,"href":"https:\/\/brueckedaechle.de\/index.php\/wp-json\/wp\/v2\/users\/2"}],"replies":[{"embeddable":true,"href":"https:\/\/brueckedaechle.de\/index.php\/wp-json\/wp\/v2\/comments?post=49"}],"version-history":[{"count":6,"href":"https:\/\/brueckedaechle.de\/index.php\/wp-json\/wp\/v2\/pages\/49\/revisions"}],"predecessor-version":[{"id":136,"href":"https:\/\/brueckedaechle.de\/index.php\/wp-json\/wp\/v2\/pages\/49\/revisions\/136"}],"wp:attachment":[{"href":"https:\/\/brueckedaechle.de\/index.php\/wp-json\/wp\/v2\/media?parent=49"}],"curies":[{"name":"wp","href":"https:\/\/api.w.org\/{rel}","templated":true}]}}