{"id":36,"date":"2017-02-09T11:03:41","date_gmt":"2017-02-09T10:03:41","guid":{"rendered":"http:\/\/brueckedaechle.de\/?page_id=36"},"modified":"2023-11-07T13:46:03","modified_gmt":"2023-11-07T12:46:03","slug":"vorstand","status":"publish","type":"page","link":"https:\/\/brueckedaechle.de\/index.php\/vorstand\/","title":{"rendered":"Vorstand"},"content":{"rendered":"<p>Seit der Mitgliedervollversammlung am 04.11.2023 setzt sich der Vorstand wie folgt zusammen:<\/p>\n<p>1. Vorsitzender: S\u00f6ren Obernd\u00f6rfer<br \/>2. Vorsitzender: Sandro Streeb<br \/>Kassenwart: Martin Trunk<br \/>Schriftf\u00fchrer: Mathias H\u00e4berle<br \/>Beisitzer: Alexander Ljubizki, Jan Bopp<br \/>Jugendvertreter: &#8211;<\/p>\n\n\n<p><\/p>\n","protected":false},"excerpt":{"rendered":"<p>Seit der Mitgliedervollversammlung am 04.11.2023 setzt sich der Vorstand wie folgt zusammen: 1. Vorsitzender: S\u00f6ren Obernd\u00f6rfer2. Vorsitzender: Sandro StreebKassenwart: Martin TrunkSchriftf\u00fchrer: Mathias H\u00e4berleBeisitzer: Alexander Ljubizki, Jan BoppJugendvertreter: &#8211;<\/p>\n","protected":false},"author":1,"featured_media":0,"parent":0,"menu_order":0,"comment_status":"closed","ping_status":"closed","template":"","meta":{"footnotes":""},"class_list":["post-36","page","type-page","status-publish","hentry"],"_links":{"self":[{"href":"https:\/\/brueckedaechle.de\/index.php\/wp-json\/wp\/v2\/pages\/36","targetHints":{"allow":["GET"]}}],"collection":[{"href":"https:\/\/brueckedaechle.de\/index.php\/wp-json\/wp\/v2\/pages"}],"about":[{"href":"https:\/\/brueckedaechle.de\/index.php\/wp-json\/wp\/v2\/types\/page"}],"author":[{"embeddable":true,"href":"https:\/\/brueckedaechle.de\/index.php\/wp-json\/wp\/v2\/users\/1"}],"replies":[{"embeddable":true,"href":"https:\/\/brueckedaechle.de\/index.php\/wp-json\/wp\/v2\/comments?post=36"}],"version-history":[{"count":10,"href":"https:\/\/brueckedaechle.de\/index.php\/wp-json\/wp\/v2\/pages\/36\/revisions"}],"predecessor-version":[{"id":123,"href":"https:\/\/brueckedaechle.de\/index.php\/wp-json\/wp\/v2\/pages\/36\/revisions\/123"}],"wp:attachment":[{"href":"https:\/\/brueckedaechle.de\/index.php\/wp-json\/wp\/v2\/media?parent=36"}],"curies":[{"name":"wp","href":"https:\/\/api.w.org\/{rel}","templated":true}]}}