{"id":10,"date":"2017-02-09T10:49:06","date_gmt":"2017-02-09T09:49:06","guid":{"rendered":"http:\/\/brueckedaechle.de\/?page_id=10"},"modified":"2022-12-18T17:24:15","modified_gmt":"2022-12-18T16:24:15","slug":"kontakt","status":"publish","type":"page","link":"https:\/\/brueckedaechle.de\/index.php\/kontakt\/","title":{"rendered":"Impressum"},"content":{"rendered":"<header class=\"entry-header\">\n<h1 class=\"entry-title\">Impressum<\/h1>\n<\/header>\n<div class=\"entry-content\">\n<h2>Angaben gem\u00e4\u00df \u00a7 5 TMG:<\/h2>\n<p>Jugendf\u00f6rderverein Br\u00fccked\u00e4chle e.V.<br \/>\n\u00d6hringer Stra\u00dfe 24<br \/>\n74196 Neuenstadt<\/p>\n<p>Vertreten durch:<\/p>\n<p>S\u00f6ren Obernd\u00f6rfer<\/p>\n<p>Kontakt:<\/p>\n<table>\n<tbody>\n<tr>\n<td>Telefon:<\/td>\n<td>+49 (0) 160 854 64 55<\/td>\n<\/tr>\n<tr>\n<td>E-Mail:<\/td>\n<td>soeren@oberndoerfer.de<\/td>\n<\/tr>\n<\/tbody>\n<\/table>\n<h2>Registereintrag:<\/h2>\n<p>Eintragung im Vereinsregister.<br \/>\nRegistergericht: Amtsgericht Stuttgart<br \/>\nRegisternummer: VR 102803<\/p>\n<h2><\/h2>\n<h2><\/h2>\n<p>Quelle: <em><a href=\"http:\/\/www.e-recht24.de\/impressum-generator.html\" rel=\"nofollow\">http:\/\/www.e-recht24.de<\/a><\/em><\/p>\n<\/div>\n","protected":false},"excerpt":{"rendered":"<p>Impressum Angaben gem\u00e4\u00df \u00a7 5 TMG: Jugendf\u00f6rderverein Br\u00fccked\u00e4chle e.V. \u00d6hringer Stra\u00dfe 24 74196 Neuenstadt Vertreten durch: S\u00f6ren Obernd\u00f6rfer Kontakt: Telefon: +49 (0) 160 854 64 55 E-Mail: soeren@oberndoerfer.de Registereintrag: Eintragung im Vereinsregister. Registergericht: Amtsgericht Stuttgart Registernummer: VR 102803 Quelle: http:\/\/www.e-recht24.de<\/p>\n","protected":false},"author":1,"featured_media":0,"parent":0,"menu_order":0,"comment_status":"closed","ping_status":"closed","template":"","meta":{"footnotes":""},"class_list":["post-10","page","type-page","status-publish","hentry"],"_links":{"self":[{"href":"https:\/\/brueckedaechle.de\/index.php\/wp-json\/wp\/v2\/pages\/10","targetHints":{"allow":["GET"]}}],"collection":[{"href":"https:\/\/brueckedaechle.de\/index.php\/wp-json\/wp\/v2\/pages"}],"about":[{"href":"https:\/\/brueckedaechle.de\/index.php\/wp-json\/wp\/v2\/types\/page"}],"author":[{"embeddable":true,"href":"https:\/\/brueckedaechle.de\/index.php\/wp-json\/wp\/v2\/users\/1"}],"replies":[{"embeddable":true,"href":"https:\/\/brueckedaechle.de\/index.php\/wp-json\/wp\/v2\/comments?post=10"}],"version-history":[{"count":6,"href":"https:\/\/brueckedaechle.de\/index.php\/wp-json\/wp\/v2\/pages\/10\/revisions"}],"predecessor-version":[{"id":111,"href":"https:\/\/brueckedaechle.de\/index.php\/wp-json\/wp\/v2\/pages\/10\/revisions\/111"}],"wp:attachment":[{"href":"https:\/\/brueckedaechle.de\/index.php\/wp-json\/wp\/v2\/media?parent=10"}],"curies":[{"name":"wp","href":"https:\/\/api.w.org\/{rel}","templated":true}]}}